{"id":16,"date":"2022-12-01T12:15:37","date_gmt":"2022-12-01T11:15:37","guid":{"rendered":"https:\/\/brigitte.meissl.name\/?page_id=16"},"modified":"2024-11-17T19:45:43","modified_gmt":"2024-11-17T18:45:43","slug":"vita","status":"publish","type":"page","link":"https:\/\/brigitte.meissl.name\/index.php\/vita\/","title":{"rendered":"Biografie"},"content":{"rendered":"\n<p>geboren und aufgewachsen im Waldviertel<\/p>\n\n\n\n<p>lebt und arbeitet in Hinterbr\u00fchl, \u00d6sterreich<\/p>\n\n\n\n<p>Preistr\u00e4gerin ART AWARD 2024 f\u00fcr Textilkunst der Berufsvereinigung der bildenden K\u00fcnstler \u00d6sterreichs<\/p>\n\n\n\n<h3 class=\"wp-block-heading\"><strong>Ausbildung<\/strong><\/h3>\n\n\n\n<p>Studium der Darstellenden Geometrie an der Technischen Universit\u00e4t Wien<\/p>\n\n\n\n<p>&#8222;Schule des Sehens nach Oskar Kokoschka&#8220; bei Inge Ute Brunner<\/p>\n\n\n\n<p>Studienjahre an der KVH Wien u.a. bei Mag. Christian Doby, Mag. Mo H\u00e4usler, Udo Hohenberger und Mag. Karl Schnetzinger<\/p>\n\n\n\n<h3 class=\"wp-block-heading\"><strong>Mitgliedschaften<\/strong><\/h3>\n\n\n\n<p>Berufsvereinigung der Bildenden K\u00fcnstler \u00d6sterreichs, Wien<\/p>\n\n\n\n<p>K\u00fcnstler:innengruppe JETZT, M\u00f6dling<\/p>\n\n\n\n<p>TYPOS &#8211; Kunst&amp;DRUCK-werkstatt AM Bahnhof, Ulmerfeld-Hausmening<\/p>\n\n\n\n<p><\/p>\n\n\n\n<p><\/p>\n\n\n\n<p><\/p>\n","protected":false},"excerpt":{"rendered":"<p>geboren und aufgewachsen im Waldviertel lebt und arbeitet in Hinterbr\u00fchl, \u00d6sterreich Preistr\u00e4gerin ART AWARD 2024 f\u00fcr Textilkunst der Berufsvereinigung der bildenden K\u00fcnstler \u00d6sterreichs Ausbildung Studium der Darstellenden Geometrie an der Technischen Universit\u00e4t Wien &#8222;Schule des Sehens nach Oskar Kokoschka&#8220; bei &hellip; <a href=\"https:\/\/brigitte.meissl.name\/index.php\/vita\/\">Continue reading <span class=\"meta-nav\">&rarr;<\/span><\/a><\/p>\n","protected":false},"author":1,"featured_media":0,"parent":0,"menu_order":0,"comment_status":"closed","ping_status":"closed","template":"","meta":{"footnotes":""},"class_list":["post-16","page","type-page","status-publish","hentry"],"_links":{"self":[{"href":"https:\/\/brigitte.meissl.name\/index.php\/wp-json\/wp\/v2\/pages\/16","targetHints":{"allow":["GET"]}}],"collection":[{"href":"https:\/\/brigitte.meissl.name\/index.php\/wp-json\/wp\/v2\/pages"}],"about":[{"href":"https:\/\/brigitte.meissl.name\/index.php\/wp-json\/wp\/v2\/types\/page"}],"author":[{"embeddable":true,"href":"https:\/\/brigitte.meissl.name\/index.php\/wp-json\/wp\/v2\/users\/1"}],"replies":[{"embeddable":true,"href":"https:\/\/brigitte.meissl.name\/index.php\/wp-json\/wp\/v2\/comments?post=16"}],"version-history":[{"count":18,"href":"https:\/\/brigitte.meissl.name\/index.php\/wp-json\/wp\/v2\/pages\/16\/revisions"}],"predecessor-version":[{"id":506,"href":"https:\/\/brigitte.meissl.name\/index.php\/wp-json\/wp\/v2\/pages\/16\/revisions\/506"}],"wp:attachment":[{"href":"https:\/\/brigitte.meissl.name\/index.php\/wp-json\/wp\/v2\/media?parent=16"}],"curies":[{"name":"wp","href":"https:\/\/api.w.org\/{rel}","templated":true}]}}